{"id":10,"date":"2025-06-02T12:05:11","date_gmt":"2025-06-02T12:05:11","guid":{"rendered":"http:\/\/gskmaritime.com\/?page_id=10"},"modified":"2026-04-21T15:41:01","modified_gmt":"2026-04-21T15:41:01","slug":"about","status":"publish","type":"page","link":"https:\/\/gskmaritime.com\/index.php\/about\/","title":{"rendered":"Hakk\u0131m\u0131zda"},"content":{"rendered":"\n<h2 class=\"wp-block-heading has-large-font-size\" id=\"inspiro-is-a-digital-product-agency-that-focuses-on-strategy-and-design\" style=\"font-style:normal;font-weight:100\"><strong>Denizcilik G\u00fcvencesi ve E\u011fitim<\/strong><\/h2>\n\n\n\n<p>Denizcilik sekt\u00f6r\u00fcnde g\u00fcvenilir hizmetler ve kapsaml\u0131 e\u011fitimler sunarak denizcilik ile ilgili i\u015fleriniz g\u00fcvence alt\u0131na al\u0131r. E\u011fitim programlar\u0131m\u0131zla ve uzman ekibimizle her zaman yan\u0131n\u0131zday\u0131z.<\/p>\n\n\n\n<div style=\"height:14px\" aria-hidden=\"true\" class=\"wp-block-spacer\"><\/div>\n\n\n\n<div class=\"wp-block-columns is-layout-flex wp-container-core-columns-is-layout-28f84493 wp-block-columns-is-layout-flex\">\n<div class=\"wp-block-column is-layout-flow wp-block-column-is-layout-flow\">\n<figure class=\"wp-block-image size-full\"><img loading=\"lazy\" decoding=\"async\" width=\"900\" height=\"600\" src=\"http:\/\/gskmaritime.com\/wp-content\/uploads\/2026\/04\/foto00_03-e1776786028215.jpg\" alt=\"\" class=\"wp-image-169\"\/><\/figure>\n\n\n\n<h2 class=\"wp-block-heading\">ISM Dan\u0131\u015fmanl\u0131\u011f\u0131<\/h2>\n\n\n\n<p>ISM mevzuatlar\u0131na uygun dan\u0131\u015fmanl\u0131k ve denetim hizmetleri sunar.<\/p>\n<\/div>\n\n\n\n<div class=\"wp-block-column is-layout-flow wp-block-column-is-layout-flow\">\n<figure class=\"wp-block-image size-full\"><img loading=\"lazy\" decoding=\"async\" width=\"900\" height=\"600\" src=\"http:\/\/gskmaritime.com\/wp-content\/uploads\/2026\/04\/foto00_02-e1776786049576.jpg\" alt=\"\" class=\"wp-image-168\"\/><\/figure>\n\n\n\n<h2 class=\"wp-block-heading\">E\u011fitim Programlar\u0131<\/h2>\n\n\n\n<p>Denizcilik alan\u0131nda \u00e7e\u015fitli e\u011fitim programlar\u0131 ve kurslar d\u00fczenler.<\/p>\n<\/div>\n\n\n\n<div class=\"wp-block-column is-layout-flow wp-block-column-is-layout-flow\">\n<figure class=\"wp-block-image size-full\"><img loading=\"lazy\" decoding=\"async\" width=\"900\" height=\"600\" src=\"http:\/\/gskmaritime.com\/wp-content\/uploads\/2026\/04\/foto00_01.jpg\" alt=\"\" class=\"wp-image-167\" srcset=\"https:\/\/gskmaritime.com\/wp-content\/uploads\/2026\/04\/foto00_01.jpg 900w, https:\/\/gskmaritime.com\/wp-content\/uploads\/2026\/04\/foto00_01-300x200.jpg 300w\" sizes=\"auto, (max-width: 900px) 100vw, 900px\" \/><\/figure>\n\n\n\n<h2 class=\"wp-block-heading\">Gemi G\u00fcvenli\u011fi<\/h2>\n\n\n\n<p>Gemi g\u00fcvenli\u011fi ve emniyet sistemleri konusunda e\u011fitim ve \u00e7\u00f6z\u00fcmler sa\u011flar.<\/p>\n<\/div>\n<\/div>\n\n\n\n<p><\/p>\n","protected":false},"excerpt":{"rendered":"<p>Denizcilik G\u00fcvencesi ve E\u011fitim Denizcilik sekt\u00f6r\u00fcnde g\u00fcvenilir hizmetler ve kapsaml\u0131 e\u011fitimler sunarak denizcilik ile ilgili i\u015fleriniz g\u00fcvence alt\u0131na al\u0131r. E\u011fitim programlar\u0131m\u0131zla ve uzman ekibimizle her zaman yan\u0131n\u0131zday\u0131z. ISM Dan\u0131\u015fmanl\u0131\u011f\u0131 ISM mevzuatlar\u0131na uygun dan\u0131\u015fmanl\u0131k ve denetim hizmetleri sunar. E\u011fitim Programlar\u0131 Denizcilik alan\u0131nda \u00e7e\u015fitli e\u011fitim programlar\u0131 ve kurslar d\u00fczenler. Gemi G\u00fcvenli\u011fi Gemi g\u00fcvenli\u011fi ve emniyet sistemleri konusunda &hellip; <\/p>\n<p class=\"link-more\"><a href=\"https:\/\/gskmaritime.com\/index.php\/about\/\" class=\"more-link\"><span class=\"screen-reader-text\"> &#8220;Hakk\u0131m\u0131zda&#8221;<\/span>devam\u0131n\u0131 oku<\/a><\/p>\n","protected":false},"author":1,"featured_media":7,"parent":0,"menu_order":0,"comment_status":"closed","ping_status":"closed","template":"","meta":{"inspiro_hide_title":false,"footnotes":""},"class_list":["post-10","page","type-page","status-publish","has-post-thumbnail","hentry"],"_links":{"self":[{"href":"https:\/\/gskmaritime.com\/index.php\/wp-json\/wp\/v2\/pages\/10","targetHints":{"allow":["GET"]}}],"collection":[{"href":"https:\/\/gskmaritime.com\/index.php\/wp-json\/wp\/v2\/pages"}],"about":[{"href":"https:\/\/gskmaritime.com\/index.php\/wp-json\/wp\/v2\/types\/page"}],"author":[{"embeddable":true,"href":"https:\/\/gskmaritime.com\/index.php\/wp-json\/wp\/v2\/users\/1"}],"replies":[{"embeddable":true,"href":"https:\/\/gskmaritime.com\/index.php\/wp-json\/wp\/v2\/comments?post=10"}],"version-history":[{"count":6,"href":"https:\/\/gskmaritime.com\/index.php\/wp-json\/wp\/v2\/pages\/10\/revisions"}],"predecessor-version":[{"id":172,"href":"https:\/\/gskmaritime.com\/index.php\/wp-json\/wp\/v2\/pages\/10\/revisions\/172"}],"wp:featuredmedia":[{"embeddable":true,"href":"https:\/\/gskmaritime.com\/index.php\/wp-json\/wp\/v2\/media\/7"}],"wp:attachment":[{"href":"https:\/\/gskmaritime.com\/index.php\/wp-json\/wp\/v2\/media?parent=10"}],"curies":[{"name":"wp","href":"https:\/\/api.w.org\/{rel}","templated":true}]}}