{"id":11,"date":"2025-06-02T12:05:11","date_gmt":"2025-06-02T12:05:11","guid":{"rendered":"http:\/\/gskmaritime.com\/?page_id=11"},"modified":"2025-06-02T14:55:21","modified_gmt":"2025-06-02T14:55:21","slug":"contact-2","status":"publish","type":"page","link":"https:\/\/gskmaritime.com\/index.php\/contact-2\/","title":{"rendered":"Contact"},"content":{"rendered":"\n<div class=\"wp-block-group alignfull has-global-padding is-layout-constrained wp-container-core-group-is-layout-19e250f3 wp-block-group-is-layout-constrained\">\n<div class=\"wp-block-columns alignfull are-vertically-aligned-center has-light-background-background-color has-background is-layout-flex wp-container-core-columns-is-layout-dd282781 wp-block-columns-is-layout-flex\" style=\"padding-top:0;padding-right:0;padding-bottom:0;padding-left:0\">\n<div class=\"wp-block-column is-vertically-aligned-center map-grayscale is-layout-flow wp-block-column-is-layout-flow\" style=\"flex-basis:50%\">\n<figure class=\"wp-block-image size-large\"><img loading=\"lazy\" decoding=\"async\" width=\"1024\" height=\"448\" src=\"http:\/\/gskmaritime.com\/wp-content\/uploads\/2025\/06\/contac-1024x448.jpg\" alt=\"\" class=\"wp-image-85\" srcset=\"https:\/\/gskmaritime.com\/wp-content\/uploads\/2025\/06\/contac-1024x448.jpg 1024w, https:\/\/gskmaritime.com\/wp-content\/uploads\/2025\/06\/contac-300x131.jpg 300w, https:\/\/gskmaritime.com\/wp-content\/uploads\/2025\/06\/contac.jpg 1372w\" sizes=\"auto, (max-width: 1024px) 100vw, 1024px\" \/><\/figure>\n<\/div>\n\n\n\n<div class=\"wp-block-column is-vertically-aligned-center is-layout-flow wp-block-column-is-layout-flow\" style=\"padding-top:var(--wp--preset--spacing--small);padding-right:var(--wp--preset--spacing--small);padding-bottom:var(--wp--preset--spacing--small);padding-left:2%;flex-basis:50%\">\n<h3 class=\"wp-block-heading has-large-font-size\">GSK Maritime<\/h3>\n\n\n\n<p><\/p>\n\n\n\n<h3 class=\"wp-block-heading\"><strong>Address<\/strong><\/h3>\n\n\n\n<p>\u0130stanbul, T\u00dcRK\u0130YE<\/p>\n\n\n\n<h3 class=\"wp-block-heading\"><strong>Email<\/strong><\/h3>\n\n\n\n<p><a href=\"mailto:info@gskmaritime.com\">info@gskmaritime.com<\/a><\/p>\n\n\n\n<h3 class=\"wp-block-heading\"><\/h3>\n\n\n\n<p><\/p>\n<\/div>\n<\/div>\n<\/div>\n\n\n\n<p><\/p>\n","protected":false},"excerpt":{"rendered":"<p>GSK Maritime Address \u0130stanbul, T\u00dcRK\u0130YE Email info@gskmaritime.com<\/p>\n","protected":false},"author":1,"featured_media":8,"parent":0,"menu_order":0,"comment_status":"closed","ping_status":"closed","template":"","meta":{"inspiro_hide_title":false,"footnotes":""},"class_list":["post-11","page","type-page","status-publish","has-post-thumbnail","hentry"],"_links":{"self":[{"href":"https:\/\/gskmaritime.com\/index.php\/wp-json\/wp\/v2\/pages\/11","targetHints":{"allow":["GET"]}}],"collection":[{"href":"https:\/\/gskmaritime.com\/index.php\/wp-json\/wp\/v2\/pages"}],"about":[{"href":"https:\/\/gskmaritime.com\/index.php\/wp-json\/wp\/v2\/types\/page"}],"author":[{"embeddable":true,"href":"https:\/\/gskmaritime.com\/index.php\/wp-json\/wp\/v2\/users\/1"}],"replies":[{"embeddable":true,"href":"https:\/\/gskmaritime.com\/index.php\/wp-json\/wp\/v2\/comments?post=11"}],"version-history":[{"count":5,"href":"https:\/\/gskmaritime.com\/index.php\/wp-json\/wp\/v2\/pages\/11\/revisions"}],"predecessor-version":[{"id":89,"href":"https:\/\/gskmaritime.com\/index.php\/wp-json\/wp\/v2\/pages\/11\/revisions\/89"}],"wp:featuredmedia":[{"embeddable":true,"href":"https:\/\/gskmaritime.com\/index.php\/wp-json\/wp\/v2\/media\/8"}],"wp:attachment":[{"href":"https:\/\/gskmaritime.com\/index.php\/wp-json\/wp\/v2\/media?parent=11"}],"curies":[{"name":"wp","href":"https:\/\/api.w.org\/{rel}","templated":true}]}}